{"id":5681,"date":"2021-12-29T16:48:14","date_gmt":"2021-12-29T15:48:14","guid":{"rendered":"https:\/\/ckcom.fr\/?page_id=5681"},"modified":"2022-03-02T12:58:33","modified_gmt":"2022-03-02T11:58:33","slug":"maintenance-site-web","status":"publish","type":"page","link":"https:\/\/ckcom.fr\/?page_id=5681","title":{"rendered":"Maintenance site web"},"content":{"rendered":"","protected":false},"excerpt":{"rendered":"","protected":false},"author":1,"featured_media":0,"parent":0,"menu_order":0,"comment_status":"closed","ping_status":"closed","template":"","meta":{"inline_featured_image":false,"spay_email":"","footnotes":""},"class_list":["post-5681","page","type-page","status-publish","hentry"],"yoast_head":"<!-- This site is optimized with the Yoast SEO plugin v17.9 - https:\/\/yoast.com\/wordpress\/plugins\/seo\/ -->\n<title>Maintenance site web - Mettre \u00e0 jour votre site web<\/title>\n<meta name=\"description\" content=\"Maintenance et mettre \u00e0 jour votre site web, Nous corrigeons les bugs, dynamisons le contenu et am\u00e9liorons le r\u00e9f\u00e9rencement de votre site web statique ou dynamique.\" \/>\n<meta name=\"robots\" content=\"index, follow, max-snippet:-1, max-image-preview:large, max-video-preview:-1\" \/>\n<link rel=\"canonical\" href=\"https:\/\/ckcom.fr\/?page_id=5681\" \/>\n<meta property=\"og:locale\" content=\"fr_FR\" \/>\n<meta property=\"og:type\" content=\"article\" \/>\n<meta property=\"og:title\" content=\"Maintenance site web - Mettre \u00e0 jour votre site web\" \/>\n<meta property=\"og:description\" content=\"Maintenance et mettre \u00e0 jour votre site web, Nous corrigeons les bugs, dynamisons le contenu et am\u00e9liorons le r\u00e9f\u00e9rencement de votre site web statique ou dynamique.\" \/>\n<meta property=\"og:url\" content=\"https:\/\/ckcom.fr\/?page_id=5681\" \/>\n<meta property=\"og:site_name\" content=\"ckcom\" \/>\n<meta property=\"article:modified_time\" content=\"2022-03-02T11:58:33+00:00\" \/>\n<meta name=\"twitter:card\" content=\"summary_large_image\" \/>\n<script type=\"application\/ld+json\" class=\"yoast-schema-graph\">{\"@context\":\"https:\/\/schema.org\",\"@graph\":[{\"@type\":\"WebSite\",\"@id\":\"https:\/\/ckcom.fr\/#website\",\"url\":\"https:\/\/ckcom.fr\/\",\"name\":\"ckcom\",\"description\":\"Agence web et de marketing digitale\",\"potentialAction\":[{\"@type\":\"SearchAction\",\"target\":{\"@type\":\"EntryPoint\",\"urlTemplate\":\"https:\/\/ckcom.fr\/?s={search_term_string}\"},\"query-input\":\"required name=search_term_string\"}],\"inLanguage\":\"fr-FR\"},{\"@type\":\"WebPage\",\"@id\":\"https:\/\/ckcom.fr\/?page_id=5681#webpage\",\"url\":\"https:\/\/ckcom.fr\/?page_id=5681\",\"name\":\"Maintenance site web - Mettre \\u00e0 jour votre site web\",\"isPartOf\":{\"@id\":\"https:\/\/ckcom.fr\/#website\"},\"datePublished\":\"2021-12-29T15:48:14+00:00\",\"dateModified\":\"2022-03-02T11:58:33+00:00\",\"description\":\"Maintenance et mettre \\u00e0 jour votre site web, Nous corrigeons les bugs, dynamisons le contenu et am\\u00e9liorons le r\\u00e9f\\u00e9rencement de votre site web statique ou dynamique.\",\"breadcrumb\":{\"@id\":\"https:\/\/ckcom.fr\/?page_id=5681#breadcrumb\"},\"inLanguage\":\"fr-FR\",\"potentialAction\":[{\"@type\":\"ReadAction\",\"target\":[\"https:\/\/ckcom.fr\/?page_id=5681\"]}]},{\"@type\":\"BreadcrumbList\",\"@id\":\"https:\/\/ckcom.fr\/?page_id=5681#breadcrumb\",\"itemListElement\":[{\"@type\":\"ListItem\",\"position\":1,\"name\":\"Accueil\",\"item\":\"https:\/\/ckcom.fr\/\"},{\"@type\":\"ListItem\",\"position\":2,\"name\":\"Maintenance site web\"}]}]}<\/script>\n<!-- \/ Yoast SEO plugin. -->","yoast_head_json":{"title":"Maintenance site web - Mettre \u00e0 jour votre site web","description":"Maintenance et mettre \u00e0 jour votre site web, Nous corrigeons les bugs, dynamisons le contenu et am\u00e9liorons le r\u00e9f\u00e9rencement de votre site web statique ou dynamique.","robots":{"index":"index","follow":"follow","max-snippet":"max-snippet:-1","max-image-preview":"max-image-preview:large","max-video-preview":"max-video-preview:-1"},"canonical":"https:\/\/ckcom.fr\/?page_id=5681","og_locale":"fr_FR","og_type":"article","og_title":"Maintenance site web - Mettre \u00e0 jour votre site web","og_description":"Maintenance et mettre \u00e0 jour votre site web, Nous corrigeons les bugs, dynamisons le contenu et am\u00e9liorons le r\u00e9f\u00e9rencement de votre site web statique ou dynamique.","og_url":"https:\/\/ckcom.fr\/?page_id=5681","og_site_name":"ckcom","article_modified_time":"2022-03-02T11:58:33+00:00","twitter_card":"summary_large_image","schema":{"@context":"https:\/\/schema.org","@graph":[{"@type":"WebSite","@id":"https:\/\/ckcom.fr\/#website","url":"https:\/\/ckcom.fr\/","name":"ckcom","description":"Agence web et de marketing digitale","potentialAction":[{"@type":"SearchAction","target":{"@type":"EntryPoint","urlTemplate":"https:\/\/ckcom.fr\/?s={search_term_string}"},"query-input":"required name=search_term_string"}],"inLanguage":"fr-FR"},{"@type":"WebPage","@id":"https:\/\/ckcom.fr\/?page_id=5681#webpage","url":"https:\/\/ckcom.fr\/?page_id=5681","name":"Maintenance site web - Mettre \u00e0 jour votre site web","isPartOf":{"@id":"https:\/\/ckcom.fr\/#website"},"datePublished":"2021-12-29T15:48:14+00:00","dateModified":"2022-03-02T11:58:33+00:00","description":"Maintenance et mettre \u00e0 jour votre site web, Nous corrigeons les bugs, dynamisons le contenu et am\u00e9liorons le r\u00e9f\u00e9rencement de votre site web statique ou dynamique.","breadcrumb":{"@id":"https:\/\/ckcom.fr\/?page_id=5681#breadcrumb"},"inLanguage":"fr-FR","potentialAction":[{"@type":"ReadAction","target":["https:\/\/ckcom.fr\/?page_id=5681"]}]},{"@type":"BreadcrumbList","@id":"https:\/\/ckcom.fr\/?page_id=5681#breadcrumb","itemListElement":[{"@type":"ListItem","position":1,"name":"Accueil","item":"https:\/\/ckcom.fr\/"},{"@type":"ListItem","position":2,"name":"Maintenance site web"}]}]}},"_links":{"self":[{"href":"https:\/\/ckcom.fr\/index.php?rest_route=\/wp\/v2\/pages\/5681","targetHints":{"allow":["GET"]}}],"collection":[{"href":"https:\/\/ckcom.fr\/index.php?rest_route=\/wp\/v2\/pages"}],"about":[{"href":"https:\/\/ckcom.fr\/index.php?rest_route=\/wp\/v2\/types\/page"}],"author":[{"embeddable":true,"href":"https:\/\/ckcom.fr\/index.php?rest_route=\/wp\/v2\/users\/1"}],"replies":[{"embeddable":true,"href":"https:\/\/ckcom.fr\/index.php?rest_route=%2Fwp%2Fv2%2Fcomments&post=5681"}],"version-history":[{"count":5,"href":"https:\/\/ckcom.fr\/index.php?rest_route=\/wp\/v2\/pages\/5681\/revisions"}],"predecessor-version":[{"id":6266,"href":"https:\/\/ckcom.fr\/index.php?rest_route=\/wp\/v2\/pages\/5681\/revisions\/6266"}],"wp:attachment":[{"href":"https:\/\/ckcom.fr\/index.php?rest_route=%2Fwp%2Fv2%2Fmedia&parent=5681"}],"curies":[{"name":"wp","href":"https:\/\/api.w.org\/{rel}","templated":true}]}}