{"id":6120,"date":"2022-01-26T09:01:26","date_gmt":"2022-01-26T08:01:26","guid":{"rendered":"https:\/\/ckcom.fr\/?page_id=6120"},"modified":"2022-08-24T11:13:19","modified_gmt":"2022-08-24T09:13:19","slug":"creation-site-web","status":"publish","type":"page","link":"https:\/\/ckcom.fr\/?page_id=6120","title":{"rendered":"Cr\u00e9ation site WEB"},"content":{"rendered":"","protected":false},"excerpt":{"rendered":"","protected":false},"author":1,"featured_media":0,"parent":0,"menu_order":0,"comment_status":"closed","ping_status":"closed","template":"","meta":{"inline_featured_image":false,"spay_email":"","footnotes":""},"class_list":["post-6120","page","type-page","status-publish","hentry"],"yoast_head":"<!-- This site is optimized with the Yoast SEO plugin v17.9 - https:\/\/yoast.com\/wordpress\/plugins\/seo\/ -->\n<title>Agence Cr\u00e9ation site WEB - ckcom<\/title>\n<meta name=\"description\" content=\"Agence Web, notre m\u00e9tier est la cr\u00e9ation de site internet de qualit\u00e9 : site vitrine, site e-commerce, refonte de site web. La cr\u00e9ation d&#039;un site internet se d\u00e9roule en plusieurs \u00e9tapes..\" \/>\n<meta name=\"robots\" content=\"index, follow, max-snippet:-1, max-image-preview:large, max-video-preview:-1\" \/>\n<link rel=\"canonical\" href=\"https:\/\/ckcom.fr\/?page_id=6120\" \/>\n<meta property=\"og:locale\" content=\"fr_FR\" \/>\n<meta property=\"og:type\" content=\"article\" \/>\n<meta property=\"og:title\" content=\"Agence Cr\u00e9ation site WEB - ckcom\" \/>\n<meta property=\"og:description\" content=\"Agence Web, notre m\u00e9tier est la cr\u00e9ation de site internet de qualit\u00e9 : site vitrine, site e-commerce, refonte de site web. La cr\u00e9ation d&#039;un site internet se d\u00e9roule en plusieurs \u00e9tapes..\" \/>\n<meta property=\"og:url\" content=\"https:\/\/ckcom.fr\/?page_id=6120\" \/>\n<meta property=\"og:site_name\" content=\"ckcom\" \/>\n<meta property=\"article:modified_time\" content=\"2022-08-24T09:13:19+00:00\" \/>\n<meta name=\"twitter:card\" content=\"summary_large_image\" \/>\n<script type=\"application\/ld+json\" class=\"yoast-schema-graph\">{\"@context\":\"https:\/\/schema.org\",\"@graph\":[{\"@type\":\"WebSite\",\"@id\":\"https:\/\/ckcom.fr\/#website\",\"url\":\"https:\/\/ckcom.fr\/\",\"name\":\"ckcom\",\"description\":\"Agence web et de marketing digitale\",\"potentialAction\":[{\"@type\":\"SearchAction\",\"target\":{\"@type\":\"EntryPoint\",\"urlTemplate\":\"https:\/\/ckcom.fr\/?s={search_term_string}\"},\"query-input\":\"required name=search_term_string\"}],\"inLanguage\":\"fr-FR\"},{\"@type\":\"WebPage\",\"@id\":\"https:\/\/ckcom.fr\/?page_id=6120#webpage\",\"url\":\"https:\/\/ckcom.fr\/?page_id=6120\",\"name\":\"Agence Cr\\u00e9ation site WEB - ckcom\",\"isPartOf\":{\"@id\":\"https:\/\/ckcom.fr\/#website\"},\"datePublished\":\"2022-01-26T08:01:26+00:00\",\"dateModified\":\"2022-08-24T09:13:19+00:00\",\"description\":\"Agence Web, notre m\\u00e9tier est la cr\\u00e9ation de site internet de qualit\\u00e9 : site vitrine, site e-commerce, refonte de site web. La cr\\u00e9ation d'un site internet se d\\u00e9roule en plusieurs \\u00e9tapes..\",\"breadcrumb\":{\"@id\":\"https:\/\/ckcom.fr\/?page_id=6120#breadcrumb\"},\"inLanguage\":\"fr-FR\",\"potentialAction\":[{\"@type\":\"ReadAction\",\"target\":[\"https:\/\/ckcom.fr\/?page_id=6120\"]}]},{\"@type\":\"BreadcrumbList\",\"@id\":\"https:\/\/ckcom.fr\/?page_id=6120#breadcrumb\",\"itemListElement\":[{\"@type\":\"ListItem\",\"position\":1,\"name\":\"Accueil\",\"item\":\"https:\/\/ckcom.fr\/\"},{\"@type\":\"ListItem\",\"position\":2,\"name\":\"Cr\\u00e9ation site WEB\"}]}]}<\/script>\n<!-- \/ Yoast SEO plugin. -->","yoast_head_json":{"title":"Agence Cr\u00e9ation site WEB - ckcom","description":"Agence Web, notre m\u00e9tier est la cr\u00e9ation de site internet de qualit\u00e9 : site vitrine, site e-commerce, refonte de site web. La cr\u00e9ation d'un site internet se d\u00e9roule en plusieurs \u00e9tapes..","robots":{"index":"index","follow":"follow","max-snippet":"max-snippet:-1","max-image-preview":"max-image-preview:large","max-video-preview":"max-video-preview:-1"},"canonical":"https:\/\/ckcom.fr\/?page_id=6120","og_locale":"fr_FR","og_type":"article","og_title":"Agence Cr\u00e9ation site WEB - ckcom","og_description":"Agence Web, notre m\u00e9tier est la cr\u00e9ation de site internet de qualit\u00e9 : site vitrine, site e-commerce, refonte de site web. La cr\u00e9ation d'un site internet se d\u00e9roule en plusieurs \u00e9tapes..","og_url":"https:\/\/ckcom.fr\/?page_id=6120","og_site_name":"ckcom","article_modified_time":"2022-08-24T09:13:19+00:00","twitter_card":"summary_large_image","schema":{"@context":"https:\/\/schema.org","@graph":[{"@type":"WebSite","@id":"https:\/\/ckcom.fr\/#website","url":"https:\/\/ckcom.fr\/","name":"ckcom","description":"Agence web et de marketing digitale","potentialAction":[{"@type":"SearchAction","target":{"@type":"EntryPoint","urlTemplate":"https:\/\/ckcom.fr\/?s={search_term_string}"},"query-input":"required name=search_term_string"}],"inLanguage":"fr-FR"},{"@type":"WebPage","@id":"https:\/\/ckcom.fr\/?page_id=6120#webpage","url":"https:\/\/ckcom.fr\/?page_id=6120","name":"Agence Cr\u00e9ation site WEB - ckcom","isPartOf":{"@id":"https:\/\/ckcom.fr\/#website"},"datePublished":"2022-01-26T08:01:26+00:00","dateModified":"2022-08-24T09:13:19+00:00","description":"Agence Web, notre m\u00e9tier est la cr\u00e9ation de site internet de qualit\u00e9 : site vitrine, site e-commerce, refonte de site web. La cr\u00e9ation d'un site internet se d\u00e9roule en plusieurs \u00e9tapes..","breadcrumb":{"@id":"https:\/\/ckcom.fr\/?page_id=6120#breadcrumb"},"inLanguage":"fr-FR","potentialAction":[{"@type":"ReadAction","target":["https:\/\/ckcom.fr\/?page_id=6120"]}]},{"@type":"BreadcrumbList","@id":"https:\/\/ckcom.fr\/?page_id=6120#breadcrumb","itemListElement":[{"@type":"ListItem","position":1,"name":"Accueil","item":"https:\/\/ckcom.fr\/"},{"@type":"ListItem","position":2,"name":"Cr\u00e9ation site WEB"}]}]}},"_links":{"self":[{"href":"https:\/\/ckcom.fr\/index.php?rest_route=\/wp\/v2\/pages\/6120","targetHints":{"allow":["GET"]}}],"collection":[{"href":"https:\/\/ckcom.fr\/index.php?rest_route=\/wp\/v2\/pages"}],"about":[{"href":"https:\/\/ckcom.fr\/index.php?rest_route=\/wp\/v2\/types\/page"}],"author":[{"embeddable":true,"href":"https:\/\/ckcom.fr\/index.php?rest_route=\/wp\/v2\/users\/1"}],"replies":[{"embeddable":true,"href":"https:\/\/ckcom.fr\/index.php?rest_route=%2Fwp%2Fv2%2Fcomments&post=6120"}],"version-history":[{"count":5,"href":"https:\/\/ckcom.fr\/index.php?rest_route=\/wp\/v2\/pages\/6120\/revisions"}],"predecessor-version":[{"id":6234,"href":"https:\/\/ckcom.fr\/index.php?rest_route=\/wp\/v2\/pages\/6120\/revisions\/6234"}],"wp:attachment":[{"href":"https:\/\/ckcom.fr\/index.php?rest_route=%2Fwp%2Fv2%2Fmedia&parent=6120"}],"curies":[{"name":"wp","href":"https:\/\/api.w.org\/{rel}","templated":true}]}}